{"id":18099,"date":"2022-07-07T23:28:39","date_gmt":"2022-07-07T23:28:39","guid":{"rendered":"https:\/\/www.eliteimperiumestates.com\/?page_id=18099"},"modified":"2022-07-25T10:55:19","modified_gmt":"2022-07-25T10:55:19","slug":"services","status":"publish","type":"page","link":"https:\/\/www.eliteimperiumestates.com\/fr\/services\/","title":{"rendered":"Prestations de service"},"content":{"rendered":"<div data-elementor-type=\"wp-page\" data-elementor-id=\"18099\" class=\"elementor elementor-18099\" data-elementor-settings=\"{&quot;ha_cmc_init_switcher&quot;:&quot;no&quot;}\" data-elementor-post-type=\"page\">\n\t\t\t\t\t\t<section class=\"elementor-section elementor-top-section elementor-element elementor-element-c64c48e elementor-section-height-min-height animated-slow elementor-section-boxed elementor-section-height-default elementor-section-items-middle elementor-invisible\" data-id=\"c64c48e\" data-element_type=\"section\" data-settings=\"{&quot;background_background&quot;:&quot;classic&quot;,&quot;animation&quot;:&quot;fadeIn&quot;,&quot;_ha_eqh_enable&quot;:false}\">\n\t\t\t\t\t\t\t<div class=\"elementor-background-overlay\"><\/div>\n\t\t\t\t\t\t\t<div class=\"elementor-container elementor-column-gap-default\">\n\t\t\t\t\t<div class=\"elementor-column elementor-col-100 elementor-top-column elementor-element elementor-element-e18fbe9\" data-id=\"e18fbe9\" data-element_type=\"column\">\n\t\t\t<div class=\"elementor-widget-wrap elementor-element-populated\">\n\t\t\t\t\t\t<div class=\"elementor-element elementor-element-b178035 elementor-icon-list--layout-inline elementor-mobile-align-center elementor-list-item-link-full_width elementor-widget elementor-widget-icon-list\" data-id=\"b178035\" data-element_type=\"widget\" data-widget_type=\"icon-list.default\">\n\t\t\t\t<div class=\"elementor-widget-container\">\n\t\t\t\t\t\t\t<ul class=\"elementor-icon-list-items elementor-inline-items\">\n\t\t\t\t\t\t\t<li class=\"elementor-icon-list-item elementor-inline-item\">\n\t\t\t\t\t\t\t\t\t\t\t<a href=\"https:\/\/www.eliteimperiumestates.com\/fr\">\n\n\t\t\t\t\t\t\t\t\t\t\t<span class=\"elementor-icon-list-text\">Maison<\/span>\n\t\t\t\t\t\t\t\t\t\t\t<\/a>\n\t\t\t\t\t\t\t\t\t<\/li>\n\t\t\t\t\t\t\t\t<li class=\"elementor-icon-list-item elementor-inline-item\">\n\t\t\t\t\t\t\t\t\t\t\t<span class=\"elementor-icon-list-icon\">\n\t\t\t\t\t\t\t<i aria-hidden=\"true\" class=\"fas fa-slash\"><\/i>\t\t\t\t\t\t<\/span>\n\t\t\t\t\t\t\t\t\t\t<span class=\"elementor-icon-list-text\"><\/span>\n\t\t\t\t\t\t\t\t\t<\/li>\n\t\t\t\t\t\t<\/ul>\n\t\t\t\t\t\t<\/div>\n\t\t\t\t<\/div>\n\t\t\t\t\t<\/div>\n\t\t<\/div>\n\t\t\t\t\t<\/div>\n\t\t<\/section>\n\t\t\t\t<section class=\"elementor-section elementor-top-section elementor-element elementor-element-50c6962 elementor-section-boxed elementor-section-height-default elementor-section-height-default\" data-id=\"50c6962\" data-element_type=\"section\" data-settings=\"{&quot;background_background&quot;:&quot;classic&quot;,&quot;_ha_eqh_enable&quot;:false}\">\n\t\t\t\t\t\t<div class=\"elementor-container elementor-column-gap-default\">\n\t\t\t\t\t<div class=\"elementor-column elementor-col-100 elementor-top-column elementor-element elementor-element-2beb58c\" data-id=\"2beb58c\" data-element_type=\"column\">\n\t\t\t<div class=\"elementor-widget-wrap elementor-element-populated\">\n\t\t\t\t\t\t<div class=\"elementor-element elementor-element-e64ba29 elementor-widget__width-initial elementor-widget-mobile__width-inherit elementor-widget elementor-widget-Houzez_elementor_grid_builder\" data-id=\"e64ba29\" data-element_type=\"widget\" data-widget_type=\"Houzez_elementor_grid_builder.default\">\n\t\t\t\t<div class=\"elementor-widget-container\">\n\t\t\t\t\t\n        <div class=\"grid-item  grid-item-v2\" style=\"background-image: url(https:\/\/demo01.houzez.co\/wp-content\/uploads\/2016\/03\/023.jpg)\">\n            <a class=\"grid-item-link hover-effect-flat\"  target=\"_blank\" href=\"#\">\n                <div class=\"grid-item-text-wrap\">\n\n                                        <div class=\"grid-item-subtitle\">Prestations de service<\/div>\n                    \n                                        <div class=\"grid-item-title\">Mise en sc\u00e8ne de la propri\u00e9t\u00e9<\/div>\n                                        \n                                            <div class=\"grid-item-text-link\">Plus de d\u00e9tails<\/div>\n                        <div class=\"grid-item-icon\">\n                            <i class=\"houzez-icon icon-arrow-button-right-2\"><\/i>\n                        <\/div>\n                                    <\/div><!-- taxonomy-text-wrap -->\n            <\/a>\n        <\/div>\n        \n        \t\t\t\t<\/div>\n\t\t\t\t<\/div>\n\t\t\t\t<div class=\"elementor-element elementor-element-460c355 elementor-widget__width-initial elementor-widget-mobile__width-inherit elementor-widget elementor-widget-Houzez_elementor_grid_builder\" data-id=\"460c355\" data-element_type=\"widget\" data-widget_type=\"Houzez_elementor_grid_builder.default\">\n\t\t\t\t<div class=\"elementor-widget-container\">\n\t\t\t\t\t\n        <div class=\"grid-item  grid-item-v2\" style=\"background-image: url(https:\/\/www.eliteimperiumestates.com\/wp-content\/uploads\/2016\/03\/049.jpg)\">\n            <a class=\"grid-item-link hover-effect-flat\"  target=\"_blank\" href=\"#\">\n                <div class=\"grid-item-text-wrap\">\n\n                                        <div class=\"grid-item-subtitle\">Prestations de service<\/div>\n                    \n                                        <div class=\"grid-item-title\">Acheter un bien immobilier<\/div>\n                                        \n                                            <div class=\"grid-item-text-link\">Plus de d\u00e9tails<\/div>\n                        <div class=\"grid-item-icon\">\n                            <i class=\"houzez-icon icon-arrow-button-right-2\"><\/i>\n                        <\/div>\n                                    <\/div><!-- taxonomy-text-wrap -->\n            <\/a>\n        <\/div>\n        \n        \t\t\t\t<\/div>\n\t\t\t\t<\/div>\n\t\t\t\t<div class=\"elementor-element elementor-element-6ad08b8 elementor-widget__width-initial elementor-widget-mobile__width-inherit elementor-widget elementor-widget-Houzez_elementor_grid_builder\" data-id=\"6ad08b8\" data-element_type=\"widget\" data-widget_type=\"Houzez_elementor_grid_builder.default\">\n\t\t\t\t<div class=\"elementor-widget-container\">\n\t\t\t\t\t\n        <div class=\"grid-item  grid-item-v2\" style=\"background-image: url(https:\/\/www.eliteimperiumestates.com\/wp-content\/uploads\/2016\/03\/203.jpg)\">\n            <a class=\"grid-item-link hover-effect-flat\"  target=\"_blank\" href=\"#\">\n                <div class=\"grid-item-text-wrap\">\n\n                                        <div class=\"grid-item-subtitle\">Prestations de service<\/div>\n                    \n                                        <div class=\"grid-item-title\">Propri\u00e9t\u00e9s de location et d&#039;investissement<\/div>\n                                        \n                                            <div class=\"grid-item-text-link\">Plus de d\u00e9tails<\/div>\n                        <div class=\"grid-item-icon\">\n                            <i class=\"houzez-icon icon-arrow-button-right-2\"><\/i>\n                        <\/div>\n                                    <\/div><!-- taxonomy-text-wrap -->\n            <\/a>\n        <\/div>\n        \n        \t\t\t\t<\/div>\n\t\t\t\t<\/div>\n\t\t\t\t<div class=\"elementor-element elementor-element-5720cfb elementor-widget__width-initial elementor-widget-mobile__width-inherit elementor-widget elementor-widget-Houzez_elementor_grid_builder\" data-id=\"5720cfb\" data-element_type=\"widget\" data-widget_type=\"Houzez_elementor_grid_builder.default\">\n\t\t\t\t<div class=\"elementor-widget-container\">\n\t\t\t\t\t\n        <div class=\"grid-item  grid-item-v2\" style=\"background-image: url(https:\/\/www.eliteimperiumestates.com\/wp-content\/uploads\/2022\/07\/howtopropertymanager_1200xx2715-1527-0-142.jpeg)\">\n            <a class=\"grid-item-link hover-effect-flat\"  target=\"_blank\" href=\"#\">\n                <div class=\"grid-item-text-wrap\">\n\n                                        <div class=\"grid-item-subtitle\">Prestations de service<\/div>\n                    \n                                        <div class=\"grid-item-title\">Gestion de la propri\u00e9t\u00e9<\/div>\n                                        \n                                            <div class=\"grid-item-text-link\">Plus de d\u00e9tails<\/div>\n                        <div class=\"grid-item-icon\">\n                            <i class=\"houzez-icon icon-arrow-button-right-2\"><\/i>\n                        <\/div>\n                                    <\/div><!-- taxonomy-text-wrap -->\n            <\/a>\n        <\/div>\n        \n        \t\t\t\t<\/div>\n\t\t\t\t<\/div>\n\t\t\t\t<div class=\"elementor-element elementor-element-d76def9 elementor-widget__width-initial elementor-widget-mobile__width-inherit elementor-widget elementor-widget-Houzez_elementor_grid_builder\" data-id=\"d76def9\" data-element_type=\"widget\" data-widget_type=\"Houzez_elementor_grid_builder.default\">\n\t\t\t\t<div class=\"elementor-widget-container\">\n\t\t\t\t\t\n        <div class=\"grid-item  grid-item-v2\" style=\"background-image: url(https:\/\/www.eliteimperiumestates.com\/wp-content\/uploads\/2022\/07\/Property-Selling.jpg)\">\n            <a class=\"grid-item-link hover-effect-flat\"  target=\"_blank\" href=\"#\">\n                <div class=\"grid-item-text-wrap\">\n\n                                        <div class=\"grid-item-subtitle\">Prestations de service<\/div>\n                    \n                                        <div class=\"grid-item-title\">Vendre un bien immobilier<\/div>\n                                        \n                                            <div class=\"grid-item-text-link\">Plus de d\u00e9tails<\/div>\n                        <div class=\"grid-item-icon\">\n                            <i class=\"houzez-icon icon-arrow-button-right-2\"><\/i>\n                        <\/div>\n                                    <\/div><!-- taxonomy-text-wrap -->\n            <\/a>\n        <\/div>\n        \n        \t\t\t\t<\/div>\n\t\t\t\t<\/div>\n\t\t\t\t<div class=\"elementor-element elementor-element-9e46272 elementor-widget__width-initial elementor-widget-mobile__width-inherit elementor-widget elementor-widget-Houzez_elementor_grid_builder\" data-id=\"9e46272\" data-element_type=\"widget\" data-widget_type=\"Houzez_elementor_grid_builder.default\">\n\t\t\t\t<div class=\"elementor-widget-container\">\n\t\t\t\t\t\n        <div class=\"grid-item  grid-item-v2\" style=\"background-image: url(https:\/\/www.eliteimperiumestates.com\/wp-content\/uploads\/2022\/07\/Depositphotos_14558289_s-2019-696x522-1.jpg)\">\n            <a class=\"grid-item-link hover-effect-flat\"  target=\"_blank\" href=\"#\">\n                <div class=\"grid-item-text-wrap\">\n\n                                        <div class=\"grid-item-subtitle\">Prestations de service<\/div>\n                    \n                                        <div class=\"grid-item-title\">Nouvelle construction<\/div>\n                                        \n                                            <div class=\"grid-item-text-link\">Plus de d\u00e9tails<\/div>\n                        <div class=\"grid-item-icon\">\n                            <i class=\"houzez-icon icon-arrow-button-right-2\"><\/i>\n                        <\/div>\n                                    <\/div><!-- taxonomy-text-wrap -->\n            <\/a>\n        <\/div>\n        \n        \t\t\t\t<\/div>\n\t\t\t\t<\/div>\n\t\t\t\t<div class=\"elementor-element elementor-element-ad44f5a elementor-widget__width-initial elementor-widget-mobile__width-inherit elementor-widget elementor-widget-Houzez_elementor_grid_builder\" data-id=\"ad44f5a\" data-element_type=\"widget\" data-widget_type=\"Houzez_elementor_grid_builder.default\">\n\t\t\t\t<div class=\"elementor-widget-container\">\n\t\t\t\t\t\n        <div class=\"grid-item  grid-item-v2\" style=\"background-image: url(https:\/\/demo01.houzez.co\/wp-content\/uploads\/2016\/03\/206.jpg)\">\n            <a class=\"grid-item-link hover-effect-flat\"  target=\"_blank\" href=\"#\">\n                <div class=\"grid-item-text-wrap\">\n\n                                        <div class=\"grid-item-subtitle\">Prestations de service<\/div>\n                    \n                                        <div class=\"grid-item-title\">LEV\u00c9S D&#039;INTERGRIT\u00c9 G\u00c9OTECHNIQUE ET STRUCTURELLE R\u00c9ALIS\u00c9S PAR NOTRE \u00c9QUIPE D&#039;ING\u00c9NIERIE<\/div>\n                                        \n                                            <div class=\"grid-item-text-link\">Plus de d\u00e9tails<\/div>\n                        <div class=\"grid-item-icon\">\n                            <i class=\"houzez-icon icon-arrow-button-right-2\"><\/i>\n                        <\/div>\n                                    <\/div><!-- taxonomy-text-wrap -->\n            <\/a>\n        <\/div>\n        \n        \t\t\t\t<\/div>\n\t\t\t\t<\/div>\n\t\t\t\t<div class=\"elementor-element elementor-element-2bd988b elementor-widget__width-initial elementor-widget-mobile__width-inherit elementor-widget elementor-widget-Houzez_elementor_grid_builder\" data-id=\"2bd988b\" data-element_type=\"widget\" data-widget_type=\"Houzez_elementor_grid_builder.default\">\n\t\t\t\t<div class=\"elementor-widget-container\">\n\t\t\t\t\t\n        <div class=\"grid-item  grid-item-v2\" style=\"background-image: url(https:\/\/www.eliteimperiumestates.com\/wp-content\/uploads\/2022\/07\/luke-besley-k5l-zbRSPds-unsplash.jpg)\">\n            <a class=\"grid-item-link hover-effect-flat\"  target=\"_blank\" href=\"#\">\n                <div class=\"grid-item-text-wrap\">\n\n                                        <div class=\"grid-item-subtitle\">Prestations de service<\/div>\n                    \n                                        <div class=\"grid-item-title\">DRAINAGE ET CONSTRUCTION DE ROUTES<\/div>\n                                        \n                                            <div class=\"grid-item-text-link\">Plus de d\u00e9tails<\/div>\n                        <div class=\"grid-item-icon\">\n                            <i class=\"houzez-icon icon-arrow-button-right-2\"><\/i>\n                        <\/div>\n                                    <\/div><!-- taxonomy-text-wrap -->\n            <\/a>\n        <\/div>\n        \n        \t\t\t\t<\/div>\n\t\t\t\t<\/div>\n\t\t\t\t<div class=\"elementor-element elementor-element-fe904a5 elementor-widget__width-inherit elementor-widget-tablet__width-initial elementor-widget-mobile_extra__width-inherit elementor-widget elementor-widget-heading\" data-id=\"fe904a5\" data-element_type=\"widget\" data-widget_type=\"heading.default\">\n\t\t\t\t<div class=\"elementor-widget-container\">\n\t\t\t\t\t<h2 class=\"elementor-heading-title elementor-size-default\">Et beaucoup plus...<\/h2>\t\t\t\t<\/div>\n\t\t\t\t<\/div>\n\t\t\t\t\t<\/div>\n\t\t<\/div>\n\t\t\t\t\t<\/div>\n\t\t<\/section>\n\t\t\t\t<\/div>","protected":false},"excerpt":{"rendered":"<p>Home Services Property Staging More Details Services Buying Real Estate More Details Services Rental and Investment Properties More Details Services Property Management More Details Services Selling Real Estate More Details Services New Construction More Details Services GEOTECHNICAL AND STRUCTURAL INTERGRITY SURVEYS CARRIED OUT BY OUR ENGINEERING TEAM More Details Services DRAINAGE AND ROAD CONSTRUCTION More [&hellip;]<\/p>","protected":false},"author":1,"featured_media":16126,"parent":0,"menu_order":0,"comment_status":"closed","ping_status":"closed","template":"elementor_header_footer","meta":{"footnotes":""},"class_list":["post-18099","page","type-page","status-publish","has-post-thumbnail","hentry"],"_links":{"self":[{"href":"https:\/\/www.eliteimperiumestates.com\/fr\/wp-json\/wp\/v2\/pages\/18099","targetHints":{"allow":["GET"]}}],"collection":[{"href":"https:\/\/www.eliteimperiumestates.com\/fr\/wp-json\/wp\/v2\/pages"}],"about":[{"href":"https:\/\/www.eliteimperiumestates.com\/fr\/wp-json\/wp\/v2\/types\/page"}],"author":[{"embeddable":true,"href":"https:\/\/www.eliteimperiumestates.com\/fr\/wp-json\/wp\/v2\/users\/1"}],"replies":[{"embeddable":true,"href":"https:\/\/www.eliteimperiumestates.com\/fr\/wp-json\/wp\/v2\/comments?post=18099"}],"version-history":[{"count":0,"href":"https:\/\/www.eliteimperiumestates.com\/fr\/wp-json\/wp\/v2\/pages\/18099\/revisions"}],"wp:featuredmedia":[{"embeddable":true,"href":"https:\/\/www.eliteimperiumestates.com\/fr\/wp-json\/wp\/v2\/media\/16126"}],"wp:attachment":[{"href":"https:\/\/www.eliteimperiumestates.com\/fr\/wp-json\/wp\/v2\/media?parent=18099"}],"curies":[{"name":"wp","href":"https:\/\/api.w.org\/{rel}","templated":true}]}}